{"id":9,"date":"2017-09-10T13:49:21","date_gmt":"2017-09-10T11:49:21","guid":{"rendered":"http:\/\/maisonvendome.eu\/?page_id=9"},"modified":"2017-10-16T10:53:03","modified_gmt":"2017-10-16T08:53:03","slug":"welcome","status":"publish","type":"page","link":"https:\/\/maisonvendome.eu\/","title":{"rendered":"Welcome, Bienvenue"},"content":{"rendered":"<p>&nbsp;<\/p>\n<p><img loading=\"lazy\" decoding=\"async\" src=\"http:\/\/maisonvendome.eu\/wp-content\/uploads\/2017\/09\/raisin-chardonnay.jpg\" alt=\"\" width=\"225\" height=\"140\" \/><\/p>\n<p><em>Maison Vend\u00f4me offers you an exceptionnal and rare Champagne, the <strong>L.C.Prestance<\/strong>, <strong>Grand Cru<\/strong> 100% Chardonnay, from the village of\u00a0<\/em><em>Cramant.\u00a0<\/em><em>Cramant is part of the famous \u00ab\u00a0C\u00f4te des Blancs\u00a0\u00bb, producing elegant champagnes, with light and delicates\u00a0<\/em><em>aromas and very fine b<\/em><em>ubbles. This great wine beats, during a blind test with a master Sommelier, top champagnes as <strong>Cristal and Dom Perignon<\/strong>.\u00a0<a href=\"http:\/\/maisonvendome.eu\/index.php\/2017\/09\/10\/exclusive-champagnes-test\/\">Click to see the blind test results<\/a><\/em><\/p>\n<p>&nbsp;<\/p>\n<p><img loading=\"lazy\" decoding=\"async\" src=\"http:\/\/maisonvendome.eu\/wp-content\/uploads\/2017\/09\/IMG_0911-300x225.jpg\" alt=\"\" width=\"172\" height=\"129\" \/><\/p>\n<p>Maison Vend\u00f4me vous propose un champagne d&rsquo;exception, le L.C. Prestance, <strong>Grand Cru<\/strong> 100% Chardonnay, de la\u00a0commune de Cramant.Cramant est un des 17 villages \u00ab\u00a0Grand Cru\u00a0\u00bb, parmi plus de 300 villages de l&rsquo;appellation Champagne. Cramant est situ\u00e9 dans la tr\u00e8s renomm\u00e9e C\u00f4te des Blancs. La C\u00f4te des Blancs donne naissance \u00e0 des champagnes tr\u00e8s pris\u00e9s, empreints de vivacit\u00e9 et d&rsquo;esprit, aux ar\u00f4mes l\u00e9gers et d\u00e9licats, symboles de finesse et d&rsquo;\u00e9l\u00e9gance. Ce grand vin a \u00e9t\u00e9 confront\u00e9 avec succ\u00e8s, lors d&rsquo;un test \u00e0 l&rsquo;aveugle, aux r\u00e9f\u00e9rences du march\u00e9 que sont Cristal et Dom Perignon.\u00a0<em>\u00a0<a href=\"http:\/\/maisonvendome.eu\/index.php\/2017\/09\/10\/exclusive-champagnes-test\/\">Cliquer pour voir les r\u00e9sultats (ENG)<\/a><\/em><\/p>\n","protected":false},"excerpt":{"rendered":"<p>&nbsp; Maison Vend\u00f4me offers you an exceptionnal and rare Champagne, the L.C.Prestance, Grand Cru 100% Chardonnay, from the village of\u00a0Cramant.\u00a0Cramant is part of the famous \u00ab\u00a0C\u00f4te des Blancs\u00a0\u00bb, producing elegant &#8230;<\/p>\n","protected":false},"author":1,"featured_media":0,"parent":0,"menu_order":0,"comment_status":"closed","ping_status":"closed","template":"template-fullwidth.php","meta":{"footnotes":""},"class_list":["post-9","page","type-page","status-publish","hentry"],"_links":{"self":[{"href":"https:\/\/maisonvendome.eu\/index.php\/wp-json\/wp\/v2\/pages\/9","targetHints":{"allow":["GET"]}}],"collection":[{"href":"https:\/\/maisonvendome.eu\/index.php\/wp-json\/wp\/v2\/pages"}],"about":[{"href":"https:\/\/maisonvendome.eu\/index.php\/wp-json\/wp\/v2\/types\/page"}],"author":[{"embeddable":true,"href":"https:\/\/maisonvendome.eu\/index.php\/wp-json\/wp\/v2\/users\/1"}],"replies":[{"embeddable":true,"href":"https:\/\/maisonvendome.eu\/index.php\/wp-json\/wp\/v2\/comments?post=9"}],"version-history":[{"count":30,"href":"https:\/\/maisonvendome.eu\/index.php\/wp-json\/wp\/v2\/pages\/9\/revisions"}],"predecessor-version":[{"id":153,"href":"https:\/\/maisonvendome.eu\/index.php\/wp-json\/wp\/v2\/pages\/9\/revisions\/153"}],"wp:attachment":[{"href":"https:\/\/maisonvendome.eu\/index.php\/wp-json\/wp\/v2\/media?parent=9"}],"curies":[{"name":"wp","href":"https:\/\/api.w.org\/{rel}","templated":true}]}}